{"id":788,"date":"2019-04-17T08:28:18","date_gmt":"2019-04-17T08:28:18","guid":{"rendered":"https:\/\/dev-career.boc-group.com\/?page_id=788"},"modified":"2019-05-02T12:01:05","modified_gmt":"2019-05-02T12:01:05","slug":"impressum","status":"publish","type":"page","link":"https:\/\/career.boc-group.com\/de\/impressum\/","title":{"rendered":"Impressum"},"content":{"rendered":"<p><div class=\"fusion-fullwidth fullwidth-box fusion-builder-row-1 fusion-parallax-none nonhundred-percent-fullwidth non-hundred-percent-height-scrolling\" style=\"--awb-background-position:center top;--awb-border-radius-top-left:0px;--awb-border-radius-top-right:0px;--awb-border-radius-bottom-right:0px;--awb-border-radius-bottom-left:0px;--awb-padding-top:180px;--awb-padding-bottom:180px;--awb-background-image:url(&quot;https:\/\/career.boc-group.com\/wp-content\/uploads\/2019\/04\/Start-Your-Career-2.jpg&quot;);--awb-background-size:cover;\" ><div class=\"fusion-builder-row fusion-row\"><div class=\"fusion-layout-column fusion_builder_column fusion-builder-column-0 fusion_builder_column_1_1 1_1 fusion-one-full fusion-column-first fusion-column-last\" style=\"--awb-bg-size:cover;\"><div class=\"fusion-column-wrapper fusion-column-has-shadow fusion-flex-column-wrapper-legacy\"><div class=\"fusion-title title fusion-title-1 fusion-sep-none fusion-title-center fusion-title-text fusion-title-size-two\"><h2 class=\"title-heading-center fusion-responsive-typography-calculated\" style=\"margin:0;--fontSize:54;line-height:1.3;\"><span style=\"color: #ffffff;\">Impressum<\/span><\/h2><\/div><div class=\"fusion-clearfix\"><\/div><\/div><\/div><\/div><\/div><div class=\"fusion-fullwidth fullwidth-box fusion-builder-row-2 nonhundred-percent-fullwidth non-hundred-percent-height-scrolling\" style=\"--awb-border-radius-top-left:0px;--awb-border-radius-top-right:0px;--awb-border-radius-bottom-right:0px;--awb-border-radius-bottom-left:0px;\" ><div class=\"fusion-builder-row fusion-row\"><div class=\"fusion-layout-column fusion_builder_column fusion-builder-column-1 fusion_builder_column_1_6 1_6 fusion-one-sixth fusion-column-first\" style=\"--awb-bg-size:cover;width:16.666666666667%;width:calc(16.666666666667% - ( ( 4% + 4% ) * 0.16666666666667 ) );margin-right: 4%;\"><div class=\"fusion-column-wrapper fusion-column-has-shadow fusion-flex-column-wrapper-legacy\"><div class=\"fusion-clearfix\"><\/div><\/div><\/div><div class=\"fusion-layout-column fusion_builder_column fusion-builder-column-2 fusion_builder_column_2_3 2_3 fusion-two-third\" style=\"--awb-bg-size:cover;width:66.666666666667%;width:calc(66.666666666667% - ( ( 4% + 4% ) * 0.66666666666667 ) );margin-right: 4%;\"><div class=\"fusion-column-wrapper fusion-column-has-shadow fusion-flex-column-wrapper-legacy\"><div class=\"fusion-text fusion-text-1\"><p class=\"bodytext\">Diese Website wird betrieben von<\/p>\n<p><strong>BOC Products &amp; Services AG<\/strong><br \/>\nBeratungs- und Softwareunternehmen; spezialisiert auf IT-gest\u00fctzte Managementl\u00f6sungen<\/p>\n<p>UID-Nr.: ATU 61826509<br \/>\nFirmenbuchnummer: FN 262953x<br \/>\nGerichtsstand: Handelsgericht Wien<br \/>\nSitz: 1040 Wien<br \/>\nOperngasse 20b | \u00d6sterreich<br \/>\nTel.: +43-1-905 10 71-0<br \/>\nFax.: +43-1-905 10 71-1007<br \/>\nE-Mail:\u00a0<a class=\"external-link\" href=\"mailto:boc@boc-group.com\" rel=\"nofollow\">boc@boc-group.com<\/a><\/p>\n<p>Mitglied der Wirtschaftkammer Wien<\/p>\n<p>Berufsrecht: Gewerbeordnung (f\u00fcr Dienstleistungen in der automatischen Datenverarbeitung und Informationstechnik):\u00a0<a class=\"external-link\" title=\"Opens external link in new window\" href=\"https:\/\/www.ris.bka.gv.at\/\" rel=\"nofollow\">www.ris.bka.gv.at<\/a><\/p>\n<p>Magistratisches Bezirksamt f\u00fcr den 4.\/5. Bezirk<\/p>\n<p>Vorst\u00e4nde:<br \/>\nDr. Franz BAYER<br \/>\nDr. Harald K\u00dcHN<br \/>\nDr. Christian LICHKA<\/p>\n<p>Vorsitzender des Aufsichtsrats:<br \/>\no. Univ.-Prof. Dr. Dimitris KARAGIANNIS<\/p>\n<\/div><div class=\"fusion-sep-clear\"><\/div><div class=\"fusion-separator fusion-full-width-sep\" style=\"margin-left: auto;margin-right: auto;margin-top:50px;margin-bottom:50px;width:100%;\"><div class=\"fusion-separator-border sep-single sep-solid\" style=\"--awb-height:20px;--awb-amount:20px;--awb-sep-color:#dedede;border-color:#dedede;border-top-width:1px;\"><\/div><\/div><div class=\"fusion-sep-clear\"><\/div><div class=\"fusion-title title fusion-title-2 fusion-sep-none fusion-title-text fusion-title-size-three\"><h3 class=\"title-heading-left fusion-responsive-typography-calculated\" style=\"margin:0;--fontSize:36;line-height:1.5;\">Grundlegende Richtung der Website<\/h3><\/div><div class=\"fusion-text fusion-text-2\"><p>Die Webseite der BOC Products &amp; Services AG dient in erster Linie als Informationsquelle f\u00fcr die Bewerber von BOC Group sowie zur Verarbeitung von Bewerbungen.<\/p>\n<\/div><div class=\"fusion-sep-clear\"><\/div><div class=\"fusion-separator fusion-full-width-sep\" style=\"margin-left: auto;margin-right: auto;margin-top:50px;margin-bottom:50px;width:100%;\"><div class=\"fusion-separator-border sep-single sep-solid\" style=\"--awb-height:20px;--awb-amount:20px;--awb-sep-color:#dedede;border-color:#dedede;border-top-width:1px;\"><\/div><\/div><div class=\"fusion-sep-clear\"><\/div><div class=\"fusion-title title fusion-title-3 fusion-sep-none fusion-title-text fusion-title-size-three\"><h3 class=\"title-heading-left fusion-responsive-typography-calculated\" style=\"margin:0;--fontSize:36;line-height:1.5;\">Sprachliche Gleichbehandlung<\/h3><\/div><div class=\"fusion-text fusion-text-3\"><p>Soweit auf den Seiten\u00a0der BOC Group personenbezogene Bezeichnungen in m\u00e4nnlicher Form angef\u00fchrt sind, beziehen sie sich auf Frauen und M\u00e4nner in gleicher Weise.<\/p>\n<\/div><div class=\"fusion-sep-clear\"><\/div><div class=\"fusion-separator fusion-full-width-sep\" style=\"margin-left: auto;margin-right: auto;margin-top:50px;margin-bottom:50px;width:100%;\"><div class=\"fusion-separator-border sep-single sep-solid\" style=\"--awb-height:20px;--awb-amount:20px;--awb-sep-color:#dedede;border-color:#dedede;border-top-width:1px;\"><\/div><\/div><div class=\"fusion-sep-clear\"><\/div><div class=\"fusion-title title fusion-title-4 fusion-sep-none fusion-title-text fusion-title-size-three\"><h3 class=\"title-heading-left fusion-responsive-typography-calculated\" style=\"margin:0;--fontSize:36;line-height:1.5;\">Copyright \u00a9 BOC Products &amp; Services AG<\/h3><\/div><div class=\"fusion-text fusion-text-4\"><p>Alle Rechte vorbehalten.<\/p>\n<p>Der Inhalt dieses Dokuments unterliegt dem Urheberrecht. Die Nutzung sowie Ver\u00e4nderungen, K\u00fcrzungen, Erweiterungen und Erg\u00e4nzungen bed\u00fcrfen der vorherigen schriftlichen Einwilligung durch BOC Products &amp; Services AG, Wien.<\/p>\n<p>Jede Vervielf\u00e4ltigung ist nur gestattet unter der Bedingung, dass dieser Urheberrechtsvermerk beim Vervielf\u00e4ltigen auf dem Dokument selbst erhalten bleibt. Jede Ver\u00f6ffentlichung oder jede \u00dcbersetzung bedarf der vorherigen schriftlichen Einwilligung durch BOC Products &amp; Services AG, Wien.<\/p>\n<\/div><div class=\"fusion-sep-clear\"><\/div><div class=\"fusion-separator fusion-full-width-sep\" style=\"margin-left: auto;margin-right: auto;margin-top:50px;margin-bottom:50px;width:100%;\"><div class=\"fusion-separator-border sep-single sep-solid\" style=\"--awb-height:20px;--awb-amount:20px;--awb-sep-color:#dedede;border-color:#dedede;border-top-width:1px;\"><\/div><\/div><div class=\"fusion-sep-clear\"><\/div><div class=\"fusion-title title fusion-title-5 fusion-sep-none fusion-title-text fusion-title-size-three\"><h3 class=\"title-heading-left fusion-responsive-typography-calculated\" style=\"margin:0;--fontSize:36;line-height:1.5;\">Marken<\/h3><\/div><div class=\"fusion-text fusion-text-5\"><p>BOC, das BOC Logo und alle Produkte, Produktnamen und Produktlogos von BOC sind eingetragene Warenzeichen der BOC Products &amp; Services AG. \u00a9 BOC Products &amp; Services AG. Alle Rechte vorbehalten.<\/p>\n<p>Alle anderen Marken sind Eigentum ihrer jeweiligen Inhaber.<\/p>\n<\/div><div class=\"fusion-clearfix\"><\/div><\/div><\/div><div class=\"fusion-layout-column fusion_builder_column fusion-builder-column-3 fusion_builder_column_1_6 1_6 fusion-one-sixth fusion-column-last\" style=\"--awb-bg-size:cover;width:16.666666666667%;width:calc(16.666666666667% - ( ( 4% + 4% ) * 0.16666666666667 ) );\"><div class=\"fusion-column-wrapper fusion-column-has-shadow fusion-flex-column-wrapper-legacy\"><div class=\"fusion-clearfix\"><\/div><\/div><\/div><\/div><\/div><\/p>\n","protected":false},"excerpt":{"rendered":"","protected":false},"author":33,"featured_media":0,"parent":0,"menu_order":10,"comment_status":"closed","ping_status":"closed","template":"100-width.php","meta":[],"acf":[],"yoast_head":"<!-- This site is optimized with the Yoast SEO Premium plugin v17.9 (Yoast SEO v17.9) - https:\/\/yoast.com\/wordpress\/plugins\/seo\/ -->\n<title>Impressum - career.boc-group.com<\/title>\n<meta name=\"robots\" content=\"index, follow, max-snippet:-1, max-image-preview:large, max-video-preview:-1\" \/>\n<link rel=\"canonical\" href=\"https:\/\/career.boc-group.com\/de\/impressum\/\" \/>\n<meta property=\"og:locale\" content=\"de_DE\" \/>\n<meta property=\"og:type\" content=\"article\" \/>\n<meta property=\"og:title\" content=\"Impressum\" \/>\n<meta property=\"og:url\" content=\"https:\/\/career.boc-group.com\/de\/impressum\/\" \/>\n<meta property=\"og:site_name\" content=\"career.boc-group.com\" \/>\n<meta property=\"article:modified_time\" content=\"2019-05-02T12:01:05+00:00\" \/>\n<meta property=\"og:image\" content=\"https:\/\/career.boc-group.com\/wp-content\/uploads\/2019\/04\/Start-Your-Career-2.jpg\" \/>\n\t<meta property=\"og:image:width\" content=\"1920\" \/>\n\t<meta property=\"og:image:height\" content=\"950\" \/>\n\t<meta property=\"og:image:type\" content=\"image\/jpeg\" \/>\n<meta name=\"twitter:card\" content=\"summary_large_image\" \/>\n<meta name=\"twitter:label1\" content=\"Est. reading time\" \/>\n\t<meta name=\"twitter:data1\" content=\"7 minutes\" \/>\n<script type=\"application\/ld+json\" class=\"yoast-schema-graph\">{\"@context\":\"https:\/\/schema.org\",\"@graph\":[{\"@type\":\"WebSite\",\"@id\":\"https:\/\/career.boc-group.com\/de\/#website\",\"url\":\"https:\/\/career.boc-group.com\/de\/\",\"name\":\"career.boc-group.com\",\"description\":\"Jobs in der Beratung und IT f\\u00fcr Experten und junge Talente\",\"potentialAction\":[{\"@type\":\"SearchAction\",\"target\":{\"@type\":\"EntryPoint\",\"urlTemplate\":\"https:\/\/career.boc-group.com\/de\/?s={search_term_string}\"},\"query-input\":\"required name=search_term_string\"}],\"inLanguage\":\"de-DE\"},{\"@type\":\"WebPage\",\"@id\":\"https:\/\/career.boc-group.com\/de\/impressum\/#webpage\",\"url\":\"https:\/\/career.boc-group.com\/de\/impressum\/\",\"name\":\"Impressum - career.boc-group.com\",\"isPartOf\":{\"@id\":\"https:\/\/career.boc-group.com\/de\/#website\"},\"datePublished\":\"2019-04-17T08:28:18+00:00\",\"dateModified\":\"2019-05-02T12:01:05+00:00\",\"breadcrumb\":{\"@id\":\"https:\/\/career.boc-group.com\/de\/impressum\/#breadcrumb\"},\"inLanguage\":\"de-DE\",\"potentialAction\":[{\"@type\":\"ReadAction\",\"target\":[\"https:\/\/career.boc-group.com\/de\/impressum\/\"]}]},{\"@type\":\"BreadcrumbList\",\"@id\":\"https:\/\/career.boc-group.com\/de\/impressum\/#breadcrumb\",\"itemListElement\":[{\"@type\":\"ListItem\",\"position\":1,\"name\":\"Home\",\"item\":\"https:\/\/career.boc-group.com\/de\/\"},{\"@type\":\"ListItem\",\"position\":2,\"name\":\"Impressum\"}]}]}<\/script>\n<!-- \/ Yoast SEO Premium plugin. -->","yoast_head_json":{"title":"Impressum - career.boc-group.com","robots":{"index":"index","follow":"follow","max-snippet":"max-snippet:-1","max-image-preview":"max-image-preview:large","max-video-preview":"max-video-preview:-1"},"canonical":"https:\/\/career.boc-group.com\/de\/impressum\/","og_locale":"de_DE","og_type":"article","og_title":"Impressum","og_url":"https:\/\/career.boc-group.com\/de\/impressum\/","og_site_name":"career.boc-group.com","article_modified_time":"2019-05-02T12:01:05+00:00","og_image":[{"width":1920,"height":950,"url":"https:\/\/career.boc-group.com\/wp-content\/uploads\/2019\/04\/Start-Your-Career-2.jpg","type":"image\/jpeg"}],"twitter_card":"summary_large_image","twitter_misc":{"Est. reading time":"7 minutes"},"schema":{"@context":"https:\/\/schema.org","@graph":[{"@type":"WebSite","@id":"https:\/\/career.boc-group.com\/de\/#website","url":"https:\/\/career.boc-group.com\/de\/","name":"career.boc-group.com","description":"Jobs in der Beratung und IT f\u00fcr Experten und junge Talente","potentialAction":[{"@type":"SearchAction","target":{"@type":"EntryPoint","urlTemplate":"https:\/\/career.boc-group.com\/de\/?s={search_term_string}"},"query-input":"required name=search_term_string"}],"inLanguage":"de-DE"},{"@type":"WebPage","@id":"https:\/\/career.boc-group.com\/de\/impressum\/#webpage","url":"https:\/\/career.boc-group.com\/de\/impressum\/","name":"Impressum - career.boc-group.com","isPartOf":{"@id":"https:\/\/career.boc-group.com\/de\/#website"},"datePublished":"2019-04-17T08:28:18+00:00","dateModified":"2019-05-02T12:01:05+00:00","breadcrumb":{"@id":"https:\/\/career.boc-group.com\/de\/impressum\/#breadcrumb"},"inLanguage":"de-DE","potentialAction":[{"@type":"ReadAction","target":["https:\/\/career.boc-group.com\/de\/impressum\/"]}]},{"@type":"BreadcrumbList","@id":"https:\/\/career.boc-group.com\/de\/impressum\/#breadcrumb","itemListElement":[{"@type":"ListItem","position":1,"name":"Home","item":"https:\/\/career.boc-group.com\/de\/"},{"@type":"ListItem","position":2,"name":"Impressum"}]}]}},"_links":{"self":[{"href":"https:\/\/career.boc-group.com\/de\/wp-json\/wp\/v2\/pages\/788"}],"collection":[{"href":"https:\/\/career.boc-group.com\/de\/wp-json\/wp\/v2\/pages"}],"about":[{"href":"https:\/\/career.boc-group.com\/de\/wp-json\/wp\/v2\/types\/page"}],"author":[{"embeddable":true,"href":"https:\/\/career.boc-group.com\/de\/wp-json\/wp\/v2\/users\/33"}],"replies":[{"embeddable":true,"href":"https:\/\/career.boc-group.com\/de\/wp-json\/wp\/v2\/comments?post=788"}],"version-history":[{"count":6,"href":"https:\/\/career.boc-group.com\/de\/wp-json\/wp\/v2\/pages\/788\/revisions"}],"predecessor-version":[{"id":1572,"href":"https:\/\/career.boc-group.com\/de\/wp-json\/wp\/v2\/pages\/788\/revisions\/1572"}],"wp:attachment":[{"href":"https:\/\/career.boc-group.com\/de\/wp-json\/wp\/v2\/media?parent=788"}],"curies":[{"name":"wp","href":"https:\/\/api.w.org\/{rel}","templated":true}]}}