{"id":1064,"date":"2019-04-24T08:32:55","date_gmt":"2019-04-24T08:32:55","guid":{"rendered":"https:\/\/dev-career.boc-group.com\/?page_id=1064"},"modified":"2025-10-09T10:24:39","modified_gmt":"2025-10-09T10:24:39","slug":"stellenangebote","status":"publish","type":"page","link":"https:\/\/career.boc-group.com\/de\/stellenangebote\/","title":{"rendered":"Stellenangebote"},"content":{"rendered":"<p><div class=\"fusion-fullwidth fullwidth-box fusion-builder-row-1 has-pattern-background has-mask-background fusion-parallax-none nonhundred-percent-fullwidth non-hundred-percent-height-scrolling\" style=\"--awb-background-position:center top;--awb-background-blend-mode:overlay;--awb-border-radius-top-left:0px;--awb-border-radius-top-right:0px;--awb-border-radius-bottom-right:0px;--awb-border-radius-bottom-left:0px;--awb-padding-top:250px;--awb-padding-bottom:250px;--awb-background-color:rgba(0,0,0,0.4);--awb-background-image:url(&quot;https:\/\/career.boc-group.com\/wp-content\/uploads\/2025\/10\/Meeting_2J3A7452-e1760005413248.webp&quot;);--awb-background-size:cover;\" ><div class=\"fusion-builder-row fusion-row\"><div class=\"fusion-layout-column fusion_builder_column fusion-builder-column-0 fusion_builder_column_1_1 1_1 fusion-one-full fusion-column-first fusion-column-last fusion-animated\" style=\"--awb-bg-size:cover;\" data-animationType=\"fadeInUp\" data-animationDuration=\"0.8\" data-animationOffset=\"top-into-view\"><div class=\"fusion-column-wrapper fusion-column-has-shadow fusion-flex-column-wrapper-legacy\"><div class=\"fusion-title title fusion-title-1 fusion-sep-none fusion-title-center fusion-title-text fusion-title-size-two\"><h2 class=\"title-heading-center fusion-responsive-typography-calculated\" style=\"margin:0;--fontSize:54;line-height:1.3;\"><span style=\"color: #ffffff;\">Entdecken Sie eine Welt neuer M\u00f6glichkeiten<\/span><\/h2><\/div><div class=\"fusion-clearfix\"><\/div><\/div><\/div><\/div><\/div><div class=\"fusion-fullwidth fullwidth-box fusion-builder-row-2 nonhundred-percent-fullwidth non-hundred-percent-height-scrolling\" style=\"--awb-border-radius-top-left:0px;--awb-border-radius-top-right:0px;--awb-border-radius-bottom-right:0px;--awb-border-radius-bottom-left:0px;--awb-padding-top:5%;\" ><div class=\"fusion-builder-row fusion-row\"><div class=\"fusion-layout-column fusion_builder_column fusion-builder-column-1 fusion_builder_column_1_1 1_1 fusion-one-full fusion-column-first fusion-column-last\" style=\"--awb-bg-size:cover;\"><div class=\"fusion-column-wrapper fusion-column-has-shadow fusion-flex-column-wrapper-legacy\"><div id=\"app\"><\/div><div class=\"fusion-clearfix\"><\/div><\/div><\/div><\/div><\/div><div class=\"fusion-fullwidth fullwidth-box fusion-builder-row-3 nonhundred-percent-fullwidth non-hundred-percent-height-scrolling\" style=\"--awb-border-radius-top-left:0px;--awb-border-radius-top-right:0px;--awb-border-radius-bottom-right:0px;--awb-border-radius-bottom-left:0px;--awb-background-color:#f8f8f8;\" ><div class=\"fusion-builder-row fusion-row\"><div class=\"fusion-layout-column fusion_builder_column fusion-builder-column-2 fusion_builder_column_1_2 1_2 fusion-one-half fusion-column-first\" style=\"--awb-bg-size:cover;width:50%;width:calc(50% - ( ( 1% ) * 0.5 ) );margin-right: 1%;\"><div class=\"fusion-column-wrapper fusion-column-has-shadow fusion-flex-column-wrapper-legacy\"><div class=\"fusion-title title fusion-title-2 fusion-sep-none fusion-title-center fusion-title-text fusion-title-size-three\"><h3 class=\"title-heading-center fusion-responsive-typography-calculated\" style=\"margin:0;--fontSize:36;line-height:1.5;\">Nicht den passenden Job gefunden?<\/h3><\/div><div class=\"fusion-text fusion-text-1\"><p style=\"text-align: center;\">Keine Sorge, dass kann sich bereits morgen \u00e4ndern. Lassen Sie uns einfach eine Initiativbewerbung zukommen und wir pr\u00fcfen gerne gemeinsam mit Ihnen Ihre M\u00f6glichkeiten!<\/p>\n<\/div><div class=\"fusion-aligncenter\"><a class=\"fusion-button button-flat fusion-button-default-size button-default fusion-button-default button-1 fusion-button-default-span fusion-button-default-type\" target=\"_self\" href=\"https:\/\/career.boc-group.com\/de\/initiativbewerbung\/\"><span class=\"fusion-button-text\">Initiativ Bewerben<\/span><\/a><\/div><div class=\"fusion-sep-clear\"><\/div><div class=\"fusion-separator fusion-full-width-sep\" style=\"margin-left: auto;margin-right: auto;margin-bottom:30px;width:100%;\"><\/div><div class=\"fusion-sep-clear\"><\/div><div class=\"fusion-clearfix\"><\/div><\/div><\/div><div class=\"fusion-layout-column fusion_builder_column fusion-builder-column-3 fusion_builder_column_1_2 1_2 fusion-one-half fusion-column-last\" style=\"--awb-bg-size:cover;width:50%;width:calc(50% - ( ( 1% ) * 0.5 ) );\"><div class=\"fusion-column-wrapper fusion-column-has-shadow fusion-flex-column-wrapper-legacy\"><div class=\"fusion-title title fusion-title-3 fusion-sep-none fusion-title-center fusion-title-text fusion-title-size-three\"><h3 class=\"title-heading-center fusion-responsive-typography-calculated\" style=\"margin:0;--fontSize:36;line-height:1.5;\">Studenten<\/h3><\/div><div class=\"fusion-text fusion-text-2\"><p style=\"text-align: center;\">Du bist mitten im Studium und m\u00f6chtest frischen Wind in dein Studentenleben bringen? Gewinne echte Praxiserfahrung, lerne, vernetze und wachse gemeinsam mit uns!<\/p>\n<\/div><div class=\"fusion-aligncenter\"><a class=\"fusion-button button-flat fusion-button-default-size button-default fusion-button-default button-2 fusion-button-default-span fusion-button-default-type\" target=\"_self\" href=\"https:\/\/career.boc-group.com\/de\/bewerbung-als-student\/\"><span class=\"fusion-button-text\">Als Student Bewerben<\/span><\/a><\/div><div class=\"fusion-clearfix\"><\/div><\/div><\/div><\/div><\/div><\/p>\n","protected":false},"excerpt":{"rendered":"","protected":false},"author":33,"featured_media":0,"parent":0,"menu_order":6,"comment_status":"closed","ping_status":"closed","template":"100-width.php","meta":[],"acf":[],"yoast_head":"<!-- This site is optimized with the Yoast SEO Premium plugin v17.9 (Yoast SEO v17.9) - https:\/\/yoast.com\/wordpress\/plugins\/seo\/ -->\n<title>Jobs &amp; Karriere | BOC Group<\/title>\n<meta name=\"description\" content=\"Wir sind immer auf der Suche nach neuen Talenten! St\u00f6bern Sie durch unsere Jobangebote und entdecken Sie eine Welt neuer M\u00f6glichkeiten!\" \/>\n<meta name=\"robots\" content=\"index, follow, max-snippet:-1, max-image-preview:large, max-video-preview:-1\" \/>\n<link rel=\"canonical\" href=\"https:\/\/career.boc-group.com\/de\/stellenangebote\/\" \/>\n<meta property=\"og:locale\" content=\"de_DE\" \/>\n<meta property=\"og:type\" content=\"article\" \/>\n<meta property=\"og:title\" content=\"Stellenangebote\" \/>\n<meta property=\"og:description\" content=\"Wir sind immer auf der Suche nach neuen Talenten! St\u00f6bern Sie durch unsere Jobangebote und entdecken Sie eine Welt neuer M\u00f6glichkeiten!\" \/>\n<meta property=\"og:url\" content=\"https:\/\/career.boc-group.com\/de\/stellenangebote\/\" \/>\n<meta property=\"og:site_name\" content=\"career.boc-group.com\" \/>\n<meta property=\"article:modified_time\" content=\"2025-10-09T10:24:39+00:00\" \/>\n<meta property=\"og:image\" content=\"https:\/\/career.boc-group.com\/wp-content\/uploads\/2019\/04\/Start-Your-Career-2.jpg\" \/>\n\t<meta property=\"og:image:width\" content=\"1920\" \/>\n\t<meta property=\"og:image:height\" content=\"950\" \/>\n\t<meta property=\"og:image:type\" content=\"image\/jpeg\" \/>\n<meta name=\"twitter:card\" content=\"summary_large_image\" \/>\n<meta name=\"twitter:label1\" content=\"Est. reading time\" \/>\n\t<meta name=\"twitter:data1\" content=\"8 minutes\" \/>\n<script type=\"application\/ld+json\" class=\"yoast-schema-graph\">{\"@context\":\"https:\/\/schema.org\",\"@graph\":[{\"@type\":\"WebSite\",\"@id\":\"https:\/\/career.boc-group.com\/de\/#website\",\"url\":\"https:\/\/career.boc-group.com\/de\/\",\"name\":\"career.boc-group.com\",\"description\":\"Jobs in der Beratung und IT f\\u00fcr Experten und junge Talente\",\"potentialAction\":[{\"@type\":\"SearchAction\",\"target\":{\"@type\":\"EntryPoint\",\"urlTemplate\":\"https:\/\/career.boc-group.com\/de\/?s={search_term_string}\"},\"query-input\":\"required name=search_term_string\"}],\"inLanguage\":\"de-DE\"},{\"@type\":\"WebPage\",\"@id\":\"https:\/\/career.boc-group.com\/de\/stellenangebote\/#webpage\",\"url\":\"https:\/\/career.boc-group.com\/de\/stellenangebote\/\",\"name\":\"Jobs & Karriere | BOC Group\",\"isPartOf\":{\"@id\":\"https:\/\/career.boc-group.com\/de\/#website\"},\"datePublished\":\"2019-04-24T08:32:55+00:00\",\"dateModified\":\"2025-10-09T10:24:39+00:00\",\"description\":\"Wir sind immer auf der Suche nach neuen Talenten! St\\u00f6bern Sie durch unsere Jobangebote und entdecken Sie eine Welt neuer M\\u00f6glichkeiten!\",\"breadcrumb\":{\"@id\":\"https:\/\/career.boc-group.com\/de\/stellenangebote\/#breadcrumb\"},\"inLanguage\":\"de-DE\",\"potentialAction\":[{\"@type\":\"ReadAction\",\"target\":[\"https:\/\/career.boc-group.com\/de\/stellenangebote\/\"]}]},{\"@type\":\"BreadcrumbList\",\"@id\":\"https:\/\/career.boc-group.com\/de\/stellenangebote\/#breadcrumb\",\"itemListElement\":[{\"@type\":\"ListItem\",\"position\":1,\"name\":\"Home\",\"item\":\"https:\/\/career.boc-group.com\/de\/\"},{\"@type\":\"ListItem\",\"position\":2,\"name\":\"Stellenangebote\"}]}]}<\/script>\n<!-- \/ Yoast SEO Premium plugin. -->","yoast_head_json":{"title":"Jobs & Karriere | BOC Group","description":"Wir sind immer auf der Suche nach neuen Talenten! St\u00f6bern Sie durch unsere Jobangebote und entdecken Sie eine Welt neuer M\u00f6glichkeiten!","robots":{"index":"index","follow":"follow","max-snippet":"max-snippet:-1","max-image-preview":"max-image-preview:large","max-video-preview":"max-video-preview:-1"},"canonical":"https:\/\/career.boc-group.com\/de\/stellenangebote\/","og_locale":"de_DE","og_type":"article","og_title":"Stellenangebote","og_description":"Wir sind immer auf der Suche nach neuen Talenten! St\u00f6bern Sie durch unsere Jobangebote und entdecken Sie eine Welt neuer M\u00f6glichkeiten!","og_url":"https:\/\/career.boc-group.com\/de\/stellenangebote\/","og_site_name":"career.boc-group.com","article_modified_time":"2025-10-09T10:24:39+00:00","og_image":[{"width":1920,"height":950,"url":"https:\/\/career.boc-group.com\/wp-content\/uploads\/2019\/04\/Start-Your-Career-2.jpg","type":"image\/jpeg"}],"twitter_card":"summary_large_image","twitter_misc":{"Est. reading time":"8 minutes"},"schema":{"@context":"https:\/\/schema.org","@graph":[{"@type":"WebSite","@id":"https:\/\/career.boc-group.com\/de\/#website","url":"https:\/\/career.boc-group.com\/de\/","name":"career.boc-group.com","description":"Jobs in der Beratung und IT f\u00fcr Experten und junge Talente","potentialAction":[{"@type":"SearchAction","target":{"@type":"EntryPoint","urlTemplate":"https:\/\/career.boc-group.com\/de\/?s={search_term_string}"},"query-input":"required name=search_term_string"}],"inLanguage":"de-DE"},{"@type":"WebPage","@id":"https:\/\/career.boc-group.com\/de\/stellenangebote\/#webpage","url":"https:\/\/career.boc-group.com\/de\/stellenangebote\/","name":"Jobs & Karriere | BOC Group","isPartOf":{"@id":"https:\/\/career.boc-group.com\/de\/#website"},"datePublished":"2019-04-24T08:32:55+00:00","dateModified":"2025-10-09T10:24:39+00:00","description":"Wir sind immer auf der Suche nach neuen Talenten! St\u00f6bern Sie durch unsere Jobangebote und entdecken Sie eine Welt neuer M\u00f6glichkeiten!","breadcrumb":{"@id":"https:\/\/career.boc-group.com\/de\/stellenangebote\/#breadcrumb"},"inLanguage":"de-DE","potentialAction":[{"@type":"ReadAction","target":["https:\/\/career.boc-group.com\/de\/stellenangebote\/"]}]},{"@type":"BreadcrumbList","@id":"https:\/\/career.boc-group.com\/de\/stellenangebote\/#breadcrumb","itemListElement":[{"@type":"ListItem","position":1,"name":"Home","item":"https:\/\/career.boc-group.com\/de\/"},{"@type":"ListItem","position":2,"name":"Stellenangebote"}]}]}},"_links":{"self":[{"href":"https:\/\/career.boc-group.com\/de\/wp-json\/wp\/v2\/pages\/1064"}],"collection":[{"href":"https:\/\/career.boc-group.com\/de\/wp-json\/wp\/v2\/pages"}],"about":[{"href":"https:\/\/career.boc-group.com\/de\/wp-json\/wp\/v2\/types\/page"}],"author":[{"embeddable":true,"href":"https:\/\/career.boc-group.com\/de\/wp-json\/wp\/v2\/users\/33"}],"replies":[{"embeddable":true,"href":"https:\/\/career.boc-group.com\/de\/wp-json\/wp\/v2\/comments?post=1064"}],"version-history":[{"count":20,"href":"https:\/\/career.boc-group.com\/de\/wp-json\/wp\/v2\/pages\/1064\/revisions"}],"predecessor-version":[{"id":8647,"href":"https:\/\/career.boc-group.com\/de\/wp-json\/wp\/v2\/pages\/1064\/revisions\/8647"}],"wp:attachment":[{"href":"https:\/\/career.boc-group.com\/de\/wp-json\/wp\/v2\/media?parent=1064"}],"curies":[{"name":"wp","href":"https:\/\/api.w.org\/{rel}","templated":true}]}}